{"id":186,"date":"2017-06-30T07:55:49","date_gmt":"2017-06-30T07:55:49","guid":{"rendered":"http:\/\/www.urangaconsultores.com\/debape\/?page_id=186"},"modified":"2017-06-30T07:55:49","modified_gmt":"2017-06-30T07:55:49","slug":"transportes-especiales-2","status":"publish","type":"page","link":"https:\/\/www.eibartrans.com\/eng\/transportes-especiales-2\/","title":{"rendered":"TRANSPORTES ESPECIALES"},"content":{"rendered":"<p>[et_pb_section bb_built=&#8221;1&#8243; fullwidth=&#8221;on&#8221; specialty=&#8221;off&#8221; parallax_method=&#8221;off&#8221; custom_padding_tablet=&#8221;50px|0|50px|0&#8243; custom_padding_last_edited=&#8221;on|desktop&#8221; _builder_version=&#8221;3.0.91&#8243;][et_pb_fullwidth_menu menu_id=&#8221;5&#8243; background_color=&#8221;#740b23&#8243; background_layout=&#8221;dark&#8221; submenu_direction=&#8221;downwards&#8221; fullwidth_menu=&#8221;off&#8221; active_link_color=&#8221;#e26363&#8243; _builder_version=&#8221;3.0.91&#8243; text_orientation=&#8221;center&#8221; menu_font=&#8221;|700|||||||&#8221; mobile_menu_text_color=&#8221;#000000&#8243; dropdown_menu_bg_color=&#8221;#000000&#8243;]<\/p>\n<p>&nbsp;<\/p>\n<p>[\/et_pb_fullwidth_menu][\/et_pb_section][et_pb_section bb_built=&#8221;1&#8243; fullwidth=&#8221;off&#8221; specialty=&#8221;off&#8221;][et_pb_row background_position=&#8221;top_left&#8221; background_repeat=&#8221;repeat&#8221; background_size=&#8221;initial&#8221;][et_pb_column type=&#8221;1_2&#8243;][et_pb_gallery gallery_ids=&#8221;442&#8243; fullwidth=&#8221;on&#8221; show_title_and_caption=&#8221;on&#8221; show_pagination=&#8221;on&#8221; background_layout=&#8221;light&#8221; hover_overlay_color=&#8221;rgba(255,255,255,0.9)&#8221; use_border_color=&#8221;off&#8221; _builder_version=&#8221;3.0.91&#8243; orientation=&#8221;landscape&#8221; zoom_icon_color=&#8221;#740b23&#8243; pagination_font_size_tablet=&#8221;51&#8243; pagination_line_height_tablet=&#8221;2&#8243;]<\/p>\n<p>&nbsp;<\/p>\n<p>[\/et_pb_gallery][\/et_pb_column][et_pb_column type=&#8221;1_2&#8243;][et_pb_tabs active_tab_background_color=&#8221;#740b23&#8243; use_border_color=&#8221;off&#8221; background_position=&#8221;top_left&#8221; background_repeat=&#8221;repeat&#8221; background_size=&#8221;initial&#8221; _builder_version=&#8221;3.0.91&#8243;]<\/p>\n<p>[et_pb_tab title=&#8221;TRANSPORTES ESPECIALES&#8221; tab_font_select=&#8221;default&#8221; tab_font=&#8221;||||&#8221; tab_text_color=&#8221;#ffffff&#8221; tab_line_height=&#8221;2em&#8221; tab_line_height_tablet=&#8221;2em&#8221; tab_line_height_phone=&#8221;2em&#8221; body_font_select=&#8221;default&#8221; body_font=&#8221;||||&#8221; body_line_height=&#8221;2em&#8221; body_line_height_tablet=&#8221;2em&#8221; body_line_height_phone=&#8221;2em&#8221; background_position=&#8221;top_left&#8221; background_repeat=&#8221;repeat&#8221; background_size=&#8221;initial&#8221; _builder_version=&#8221;3.0.91&#8243; use_background_color_gradient=&#8221;off&#8221; background_color_gradient_start=&#8221;#2b87da&#8221; background_color_gradient_end=&#8221;#29c4a9&#8243; background_color_gradient_type=&#8221;linear&#8221; background_color_gradient_direction=&#8221;180deg&#8221; background_color_gradient_direction_radial=&#8221;center&#8221; background_color_gradient_start_position=&#8221;0%&#8221; background_color_gradient_end_position=&#8221;100%&#8221; background_color_gradient_overlays_image=&#8221;off&#8221; parallax=&#8221;off&#8221; parallax_method=&#8221;on&#8221; background_blend=&#8221;normal&#8221; allow_player_pause=&#8221;off&#8221;]<\/p>\n<p>&nbsp;<\/p>\n<p align=\"left\">Para las cargas voluminosas que superan las dimensiones normales de transporte, como maquinas o piezas de grandes dimensiones, disponemos de g\u00f3ndola y trailers especialmente preparados para realizar una carga y descarga r\u00e1pidas, garantizando que la mercanc\u00eda viaja protegida y en perfectas condiciones, como si de un transporte normal se tratara.<\/p>\n<p>&nbsp;<\/p>\n<p>[\/et_pb_tab]<\/p>\n<p>[\/et_pb_tabs][et_pb_cta button_url=&#8221;http:\/\/www.tornillosespeciales.com\/eibartrans\/contacto\/&#8221; url_new_window=&#8221;off&#8221; button_text=&#8221;MAS INFORMACI\u00d3N&#8221; use_background_color=&#8221;on&#8221; background_layout=&#8221;dark&#8221; use_border_color=&#8221;off&#8221; custom_button=&#8221;off&#8221; button_icon_placement=&#8221;right&#8221; background_position=&#8221;top_left&#8221; background_repeat=&#8221;repeat&#8221; background_size=&#8221;initial&#8221; _builder_version=&#8221;3.0.91&#8243; \/][\/et_pb_column][\/et_pb_row][\/et_pb_section]<\/p>\n","protected":false},"excerpt":{"rendered":"<p>[et_pb_section bb_built=&#8221;1&#8243; fullwidth=&#8221;on&#8221; specialty=&#8221;off&#8221; parallax_method=&#8221;off&#8221; custom_padding_tablet=&#8221;50px|0|50px|0&#8243; custom_padding_last_edited=&#8221;on|desktop&#8221; _builder_version=&#8221;3.0.91&#8243;][et_pb_fullwidth_menu menu_id=&#8221;5&#8243; background_color=&#8221;#740b23&#8243; background_layout=&#8221;dark&#8221; submenu_direction=&#8221;downwards&#8221; fullwidth_menu=&#8221;off&#8221; active_link_color=&#8221;#e26363&#8243; _builder_version=&#8221;3.0.91&#8243; text_orientation=&#8221;center&#8221; menu_font=&#8221;|700|||||||&#8221; mobile_menu_text_color=&#8221;#000000&#8243; dropdown_menu_bg_color=&#8221;#000000&#8243;] &nbsp; [\/et_pb_fullwidth_menu][\/et_pb_section][et_pb_section bb_built=&#8221;1&#8243; fullwidth=&#8221;off&#8221; specialty=&#8221;off&#8221;][et_pb_row background_position=&#8221;top_left&#8221; background_repeat=&#8221;repeat&#8221; background_size=&#8221;initial&#8221;][et_pb_column type=&#8221;1_2&#8243;][et_pb_gallery gallery_ids=&#8221;442&#8243; fullwidth=&#8221;on&#8221; show_title_and_caption=&#8221;on&#8221; show_pagination=&#8221;on&#8221; background_layout=&#8221;light&#8221; hover_overlay_color=&#8221;rgba(255,255,255,0.9)&#8221; use_border_color=&#8221;off&#8221; _builder_version=&#8221;3.0.91&#8243; orientation=&#8221;landscape&#8221; zoom_icon_color=&#8221;#740b23&#8243; pagination_font_size_tablet=&#8221;51&#8243; pagination_line_height_tablet=&#8221;2&#8243;] &nbsp; [\/et_pb_gallery][\/et_pb_column][et_pb_column type=&#8221;1_2&#8243;][et_pb_tabs active_tab_background_color=&#8221;#740b23&#8243; use_border_color=&#8221;off&#8221; background_position=&#8221;top_left&#8221; background_repeat=&#8221;repeat&#8221; background_size=&#8221;initial&#8221; _builder_version=&#8221;3.0.91&#8243;] [et_pb_tab title=&#8221;TRANSPORTES ESPECIALES&#8221; tab_font_select=&#8221;default&#8221; tab_font=&#8221;||||&#8221; tab_text_color=&#8221;#ffffff&#8221; [&hellip;]<\/p>\n","protected":false},"author":3,"featured_media":0,"parent":0,"menu_order":0,"comment_status":"closed","ping_status":"closed","template":"","meta":{"footnotes":""},"class_list":["post-186","page","type-page","status-publish","hentry"],"yoast_head":"<!-- This site is optimized with the Yoast SEO plugin v26.2 - https:\/\/yoast.com\/wordpress\/plugins\/seo\/ -->\n<title>TRANSPORTES ESPECIALES - Eibartrans<\/title>\n<meta name=\"robots\" content=\"index, follow, max-snippet:-1, max-image-preview:large, max-video-preview:-1\" \/>\n<link rel=\"canonical\" href=\"https:\/\/www.eibartrans.com\/eng\/transportes-especiales-2\/\" \/>\n<meta property=\"og:locale\" content=\"en_US\" \/>\n<meta property=\"og:type\" content=\"article\" \/>\n<meta property=\"og:title\" content=\"TRANSPORTES ESPECIALES - Eibartrans\" \/>\n<meta property=\"og:description\" content=\"[et_pb_section bb_built=&#8221;1&#8243; fullwidth=&#8221;on&#8221; specialty=&#8221;off&#8221; parallax_method=&#8221;off&#8221; custom_padding_tablet=&#8221;50px|0|50px|0&#8243; custom_padding_last_edited=&#8221;on|desktop&#8221; _builder_version=&#8221;3.0.91&#8243;][et_pb_fullwidth_menu menu_id=&#8221;5&#8243; background_color=&#8221;#740b23&#8243; background_layout=&#8221;dark&#8221; submenu_direction=&#8221;downwards&#8221; fullwidth_menu=&#8221;off&#8221; active_link_color=&#8221;#e26363&#8243; _builder_version=&#8221;3.0.91&#8243; text_orientation=&#8221;center&#8221; menu_font=&#8221;|700|||||||&#8221; mobile_menu_text_color=&#8221;#000000&#8243; dropdown_menu_bg_color=&#8221;#000000&#8243;] &nbsp; [\/et_pb_fullwidth_menu][\/et_pb_section][et_pb_section bb_built=&#8221;1&#8243; fullwidth=&#8221;off&#8221; specialty=&#8221;off&#8221;][et_pb_row background_position=&#8221;top_left&#8221; background_repeat=&#8221;repeat&#8221; background_size=&#8221;initial&#8221;][et_pb_column type=&#8221;1_2&#8243;][et_pb_gallery gallery_ids=&#8221;442&#8243; fullwidth=&#8221;on&#8221; show_title_and_caption=&#8221;on&#8221; show_pagination=&#8221;on&#8221; background_layout=&#8221;light&#8221; hover_overlay_color=&#8221;rgba(255,255,255,0.9)&#8221; use_border_color=&#8221;off&#8221; _builder_version=&#8221;3.0.91&#8243; orientation=&#8221;landscape&#8221; zoom_icon_color=&#8221;#740b23&#8243; pagination_font_size_tablet=&#8221;51&#8243; pagination_line_height_tablet=&#8221;2&#8243;] &nbsp; [\/et_pb_gallery][\/et_pb_column][et_pb_column type=&#8221;1_2&#8243;][et_pb_tabs active_tab_background_color=&#8221;#740b23&#8243; use_border_color=&#8221;off&#8221; background_position=&#8221;top_left&#8221; background_repeat=&#8221;repeat&#8221; background_size=&#8221;initial&#8221; _builder_version=&#8221;3.0.91&#8243;] [et_pb_tab title=&#8221;TRANSPORTES ESPECIALES&#8221; tab_font_select=&#8221;default&#8221; tab_font=&#8221;||||&#8221; tab_text_color=&#8221;#ffffff&#8221; [&hellip;]\" \/>\n<meta property=\"og:url\" content=\"https:\/\/www.eibartrans.com\/eng\/transportes-especiales-2\/\" \/>\n<meta property=\"og:site_name\" content=\"Eibartrans\" \/>\n<meta name=\"twitter:card\" content=\"summary_large_image\" \/>\n<meta name=\"twitter:label1\" content=\"Est. reading time\" \/>\n\t<meta name=\"twitter:data1\" content=\"2 minutes\" \/>\n<script type=\"application\/ld+json\" class=\"yoast-schema-graph\">{\"@context\":\"https:\/\/schema.org\",\"@graph\":[{\"@type\":\"WebPage\",\"@id\":\"https:\/\/www.eibartrans.com\/eng\/transportes-especiales-2\/\",\"url\":\"https:\/\/www.eibartrans.com\/eng\/transportes-especiales-2\/\",\"name\":\"TRANSPORTES ESPECIALES - Eibartrans\",\"isPartOf\":{\"@id\":\"https:\/\/www.eibartrans.com\/eng\/#website\"},\"datePublished\":\"2017-06-30T07:55:49+00:00\",\"breadcrumb\":{\"@id\":\"https:\/\/www.eibartrans.com\/eng\/transportes-especiales-2\/#breadcrumb\"},\"inLanguage\":\"en-US\",\"potentialAction\":[{\"@type\":\"ReadAction\",\"target\":[\"https:\/\/www.eibartrans.com\/eng\/transportes-especiales-2\/\"]}]},{\"@type\":\"BreadcrumbList\",\"@id\":\"https:\/\/www.eibartrans.com\/eng\/transportes-especiales-2\/#breadcrumb\",\"itemListElement\":[{\"@type\":\"ListItem\",\"position\":1,\"name\":\"Home\",\"item\":\"https:\/\/www.eibartrans.com\/eng\/\"},{\"@type\":\"ListItem\",\"position\":2,\"name\":\"TRANSPORTES ESPECIALES\"}]},{\"@type\":\"WebSite\",\"@id\":\"https:\/\/www.eibartrans.com\/eng\/#website\",\"url\":\"https:\/\/www.eibartrans.com\/eng\/\",\"name\":\"Eibartrans\",\"description\":\"SPECIAL HAULAGE CONSIGNMENTS\",\"potentialAction\":[{\"@type\":\"SearchAction\",\"target\":{\"@type\":\"EntryPoint\",\"urlTemplate\":\"https:\/\/www.eibartrans.com\/eng\/?s={search_term_string}\"},\"query-input\":{\"@type\":\"PropertyValueSpecification\",\"valueRequired\":true,\"valueName\":\"search_term_string\"}}],\"inLanguage\":\"en-US\"}]}<\/script>\n<!-- \/ Yoast SEO plugin. -->","yoast_head_json":{"title":"TRANSPORTES ESPECIALES - Eibartrans","robots":{"index":"index","follow":"follow","max-snippet":"max-snippet:-1","max-image-preview":"max-image-preview:large","max-video-preview":"max-video-preview:-1"},"canonical":"https:\/\/www.eibartrans.com\/eng\/transportes-especiales-2\/","og_locale":"en_US","og_type":"article","og_title":"TRANSPORTES ESPECIALES - Eibartrans","og_description":"[et_pb_section bb_built=&#8221;1&#8243; fullwidth=&#8221;on&#8221; specialty=&#8221;off&#8221; parallax_method=&#8221;off&#8221; custom_padding_tablet=&#8221;50px|0|50px|0&#8243; custom_padding_last_edited=&#8221;on|desktop&#8221; _builder_version=&#8221;3.0.91&#8243;][et_pb_fullwidth_menu menu_id=&#8221;5&#8243; background_color=&#8221;#740b23&#8243; background_layout=&#8221;dark&#8221; submenu_direction=&#8221;downwards&#8221; fullwidth_menu=&#8221;off&#8221; active_link_color=&#8221;#e26363&#8243; _builder_version=&#8221;3.0.91&#8243; text_orientation=&#8221;center&#8221; menu_font=&#8221;|700|||||||&#8221; mobile_menu_text_color=&#8221;#000000&#8243; dropdown_menu_bg_color=&#8221;#000000&#8243;] &nbsp; [\/et_pb_fullwidth_menu][\/et_pb_section][et_pb_section bb_built=&#8221;1&#8243; fullwidth=&#8221;off&#8221; specialty=&#8221;off&#8221;][et_pb_row background_position=&#8221;top_left&#8221; background_repeat=&#8221;repeat&#8221; background_size=&#8221;initial&#8221;][et_pb_column type=&#8221;1_2&#8243;][et_pb_gallery gallery_ids=&#8221;442&#8243; fullwidth=&#8221;on&#8221; show_title_and_caption=&#8221;on&#8221; show_pagination=&#8221;on&#8221; background_layout=&#8221;light&#8221; hover_overlay_color=&#8221;rgba(255,255,255,0.9)&#8221; use_border_color=&#8221;off&#8221; _builder_version=&#8221;3.0.91&#8243; orientation=&#8221;landscape&#8221; zoom_icon_color=&#8221;#740b23&#8243; pagination_font_size_tablet=&#8221;51&#8243; pagination_line_height_tablet=&#8221;2&#8243;] &nbsp; [\/et_pb_gallery][\/et_pb_column][et_pb_column type=&#8221;1_2&#8243;][et_pb_tabs active_tab_background_color=&#8221;#740b23&#8243; use_border_color=&#8221;off&#8221; background_position=&#8221;top_left&#8221; background_repeat=&#8221;repeat&#8221; background_size=&#8221;initial&#8221; _builder_version=&#8221;3.0.91&#8243;] [et_pb_tab title=&#8221;TRANSPORTES ESPECIALES&#8221; tab_font_select=&#8221;default&#8221; tab_font=&#8221;||||&#8221; tab_text_color=&#8221;#ffffff&#8221; [&hellip;]","og_url":"https:\/\/www.eibartrans.com\/eng\/transportes-especiales-2\/","og_site_name":"Eibartrans","twitter_card":"summary_large_image","twitter_misc":{"Est. reading time":"2 minutes"},"schema":{"@context":"https:\/\/schema.org","@graph":[{"@type":"WebPage","@id":"https:\/\/www.eibartrans.com\/eng\/transportes-especiales-2\/","url":"https:\/\/www.eibartrans.com\/eng\/transportes-especiales-2\/","name":"TRANSPORTES ESPECIALES - Eibartrans","isPartOf":{"@id":"https:\/\/www.eibartrans.com\/eng\/#website"},"datePublished":"2017-06-30T07:55:49+00:00","breadcrumb":{"@id":"https:\/\/www.eibartrans.com\/eng\/transportes-especiales-2\/#breadcrumb"},"inLanguage":"en-US","potentialAction":[{"@type":"ReadAction","target":["https:\/\/www.eibartrans.com\/eng\/transportes-especiales-2\/"]}]},{"@type":"BreadcrumbList","@id":"https:\/\/www.eibartrans.com\/eng\/transportes-especiales-2\/#breadcrumb","itemListElement":[{"@type":"ListItem","position":1,"name":"Home","item":"https:\/\/www.eibartrans.com\/eng\/"},{"@type":"ListItem","position":2,"name":"TRANSPORTES ESPECIALES"}]},{"@type":"WebSite","@id":"https:\/\/www.eibartrans.com\/eng\/#website","url":"https:\/\/www.eibartrans.com\/eng\/","name":"Eibartrans","description":"SPECIAL HAULAGE CONSIGNMENTS","potentialAction":[{"@type":"SearchAction","target":{"@type":"EntryPoint","urlTemplate":"https:\/\/www.eibartrans.com\/eng\/?s={search_term_string}"},"query-input":{"@type":"PropertyValueSpecification","valueRequired":true,"valueName":"search_term_string"}}],"inLanguage":"en-US"}]}},"_links":{"self":[{"href":"https:\/\/www.eibartrans.com\/eng\/wp-json\/wp\/v2\/pages\/186","targetHints":{"allow":["GET"]}}],"collection":[{"href":"https:\/\/www.eibartrans.com\/eng\/wp-json\/wp\/v2\/pages"}],"about":[{"href":"https:\/\/www.eibartrans.com\/eng\/wp-json\/wp\/v2\/types\/page"}],"author":[{"embeddable":true,"href":"https:\/\/www.eibartrans.com\/eng\/wp-json\/wp\/v2\/users\/3"}],"replies":[{"embeddable":true,"href":"https:\/\/www.eibartrans.com\/eng\/wp-json\/wp\/v2\/comments?post=186"}],"version-history":[{"count":0,"href":"https:\/\/www.eibartrans.com\/eng\/wp-json\/wp\/v2\/pages\/186\/revisions"}],"wp:attachment":[{"href":"https:\/\/www.eibartrans.com\/eng\/wp-json\/wp\/v2\/media?parent=186"}],"curies":[{"name":"wp","href":"https:\/\/api.w.org\/{rel}","templated":true}]}}