{"id":547,"date":"2018-01-12T10:28:53","date_gmt":"2018-01-12T10:28:53","guid":{"rendered":"http:\/\/tornillosespeciales.com\/eibartrans\/?page_id=547"},"modified":"2018-01-12T10:28:53","modified_gmt":"2018-01-12T10:28:53","slug":"aviso-legal","status":"publish","type":"page","link":"https:\/\/www.eibartrans.com\/eng\/aviso-legal\/","title":{"rendered":"AVISO LEGAL"},"content":{"rendered":"<p>[et_pb_section bb_built=&#8221;1&#8243;][et_pb_row][et_pb_column type=&#8221;4_4&#8243;][et_pb_text _builder_version=&#8221;3.0.91&#8243; background_layout=&#8221;light&#8221;]<\/p>\n<h1 class=\"western\"><span style=\"color: #333333;\"><span style=\"font-family: Arial, serif;\"><span style=\"font-size: xx-large;\">CONDICIONES DE USO<\/span><\/span><\/span><\/h1>\n<p><a name=\"_Hlk502665101\"><\/a> <span style=\"color: #666666;\"><span style=\"font-family: Arial, serif;\"><span style=\"font-size: small;\"><b>En cumplimiento de la Ley 34\/2002, de 11 de julio, de Servicios de la Sociedad de la Informaci\u00f3n y de Comercio Electr\u00f3nico (LSSI-CE), EIBARTRANS SL informa que es titular del sitio web www.eibartrans.com. De acuerdo con la exigencia del art\u00edculo 10 de la citada Ley, EIBARTRANS SL informa de los siguientes datos: El titular de este sitio web es EIBARTRANS SL, con CIF B20534814 y domicilio social en POL\u00cdGONO INDUSTRIAL OLASO, C\/ OLASOPE 3, PAB 6, 20870, ELGOIBAR (GUIP\u00daZCOA), inscrita en el Registro Mercantil, en el tomo\u2026\u2026\u2026.., folio \u2026\u2026\u2026, hoja \u2026\u2026\u2026e inscripci\u00f3n \u2026\u00aa. La direcci\u00f3n de correo electr\u00f3nico de contacto con la empresa es: info@www.eibartrans.com.<br \/>\nUSUARIO Y R\u00c9GIMEN DE RESPONSABILIDADES<br \/>\nLa navegaci\u00f3n, acceso y uso por el sitio web de EIBARTRANS SL confiere la condici\u00f3n de usuario, por la que se aceptan, desde la navegaci\u00f3n por el sitio web de EIBARTRANS SL, todas las condiciones de uso aqu\u00ed establecidas sin perjuicio de la aplicaci\u00f3n de la correspondiente normativa de obligado cumplimiento legal seg\u00fan el caso.<br \/>\nEl sitio web de EIBARTRANS SL proporciona gran diversidad de informaci\u00f3n, servicios y datos. El usuario asume su responsabilidad en el uso correcto del sitio web. Esta responsabilidad se extender\u00e1 a: \u2013 La veracidad y licitud de las informaciones aportadas por el usuario en los formularios extendidos por EIBARTRANS SL para el acceso a ciertos contenidos o servicios ofrecidos por el web. \u2013 El uso de la informaci\u00f3n, servicios y datos ofrecidos por EIBARTRANS SL contrariamente a lo dispuesto por las presentes condiciones, la Ley, la moral, las buenas costumbres o el orden p\u00fablico, o que de cualquier otro modo puedan suponer lesi\u00f3n de los derechos de terceros o del mismo funcionamiento del sitio web.<br \/>\nPOL\u00cdTICA DE ENLACES Y EXENCIONES DE RESPONSABILIDAD<br \/>\nEIBARTRANS SL no se hace responsable del contenido de los sitios web a los que el usuario pueda acceder a trav\u00e9s de los enlaces establecidos en su sitio web y declara que en ning\u00fan caso proceder\u00e1 a examinar o ejercitar ning\u00fan tipo de control sobre el contenido de otros sitios de la red. Asimismo, tampoco garantizar\u00e1 la disponibilidad t\u00e9cnica, exactitud, veracidad, validez o legalidad de sitios ajenos a su propiedad a los que se pueda acceder por medio de los enlaces. EIBARTRANS SL declara haber adoptado todas las medidas necesarias para evitar cualquier da\u00f1o a los usuarios de su sitio web, que pudieran derivarse de la navegaci\u00f3n por su sitio web. En consecuencia, EIBARTRANS SL no se hace responsable, en ning\u00fan caso, de los eventuales da\u00f1os que por la navegaci\u00f3n por Internet pudiera sufrir el usuario.<br \/>\nMODIFICACIONES<br \/>\nEIBARTRANS SL se reserva el derecho a realizar las modificaciones que considere oportunas, sin aviso previo, en el contenido de su sitio web. Tanto en lo referente a los contenidos del sitio web, como en las condiciones de uso del mismo. Dichas modificaciones podr\u00e1n realizarse a trav\u00e9s de su sitio web por cualquier forma admisible en derecho y ser\u00e1n de obligado cumplimiento durante el tiempo en que se encuentren publicadas en la web y hasta que no sean modificadas v\u00e1lidamente por otras posteriores.<br \/>\nPROTECCI\u00d3N DE DATOS De conformidad con lo que establece la Ley Org\u00e1nica 15\/1999 de Protecci\u00f3n de Datos de Car\u00e1cter Personal (LOPD), EIBARTRANS SL informa a los usuarios de su sitio web que los datos personales recabados por la empresa, mediante los formularios sitos en sus p\u00e1ginas, ser\u00e1n introducidos en un fichero automatizado bajo la responsabilidad de EIBARTRANS SL, con la finalidad de poder facilitar, agilizar y cumplir los compromisos establecidos entre ambas partes. Asimismo, EIBARTRANS SL informa de la posibilidad de ejercer los derechos de acceso, rectificaci\u00f3n, cancelaci\u00f3n y oposici\u00f3n mediante un escrito a la direcci\u00f3n: POL\u00cdGONO INDUSTRIAL OLASO, C\/ OLASOPE 3, 20870, ELGOIBAR (GUIP\u00daZCOA). Mientras el usuario no comunique lo contrario a EIBARTRANS SL, \u00e9sta entender\u00e1 que sus datos no han sido modificados, que el usuario se compromete a notificar a EIBARTRANS SL cualquier variaci\u00f3n y que EIBARTRANS SL tiene el consentimiento para utilizarlos a fin de poder fidelizar la relaci\u00f3n entre las partes.<\/b><\/span><\/span><\/span><\/p>\n<p><span style=\"color: #666666;\"><span style=\"font-family: Arial, serif;\"><span style=\"font-size: small;\"><b>PROPIEDAD INTELECTUAL E INDUSTRIAL<br \/>\nEIBARTRANS SL por s\u00ed misma o como cesionaria, es titular de todos los derechos de propiedad intelectual e industrial de su p\u00e1gina web, as\u00ed como de los elementos contenidos en la misma (a t\u00edtulo enunciativo, im\u00e1genes, sonido, audio, v\u00eddeo, software o textos; marcas o logotipos, combinaciones de colores, estructura y dise\u00f1o, selecci\u00f3n de materiales usados, programas de ordenador necesarios para su funcionamiento, acceso y uso, etc.), titularidad de EIBARTRANS SL. Ser\u00e1n, por consiguiente, obras protegidas como propiedad intelectual por el ordenamiento jur\u00eddico espa\u00f1ol, si\u00e9ndoles aplicables tanto la normativa espa\u00f1ola y comunitaria en este campo, como los tratados internacionales relativos a la materia y suscritos por Espa\u00f1a. Todos los derechos reservados. En virtud de lo dispuesto en los art\u00edculos 8 y 32.1, p\u00e1rrafo segundo, de la Ley de Propiedad Intelectual, quedan expresamente prohibidas la reproducci\u00f3n, la distribuci\u00f3n y la comunicaci\u00f3n p\u00fablica, incluida su modalidad de puesta a disposici\u00f3n, de la totalidad o parte de los contenidos de esta p\u00e1gina web, con fines comerciales, en cualquier soporte y por cualquier medio t\u00e9cnico, sin la autorizaci\u00f3n de EIBARTRANS SL.<br \/>\nEl usuario se compromete a respetar los derechos de Propiedad Intelectual e Industrial titularidad de EIBARTRANS SL. Podr\u00e1 visualizar los elementos del portal e incluso imprimirlos, copiarlos y almacenarlos en el disco duro de su ordenador o en cualquier otro soporte f\u00edsico siempre y cuando sea, \u00fanica y exclusivamente, para su uso personal y privado. El usuario deber\u00e1 abstenerse de suprimir, alterar, eludir o manipular cualquier dispositivo de protecci\u00f3n o sistema de seguridad que estuviera instalado en las p\u00e1ginas de EIBARTRANS SL.<br \/>\nACCIONES LEGALES, LEGISLACI\u00d3N APLICABLE Y JURISDICCI\u00d3N<br \/>\nEIBARTRANS SL se reserva, asimismo, la facultad de presentar las acciones civiles o penales que considere oportunas por la utilizaci\u00f3n indebida de su sitio web y contenidos, o por el incumplimiento de las presentes condiciones.<br \/>\nLa relaci\u00f3n entre el usuario y el prestador se regir\u00e1 por la normativa vigente y de aplicaci\u00f3n en el territorio espa\u00f1ol. De surgir cualquier controversia las partes podr\u00e1n someter sus conflictos a arbitraje o acudir a la jurisdicci\u00f3n ordinaria cumpliendo con las normas sobre jurisdicci\u00f3n y competencia al respecto. EIBARTRANS SL tiene su domicilio en GUIP\u00daZCOA, Espa\u00f1a.<\/b><\/span><\/span><\/span><\/p>\n<p>[\/et_pb_text][\/et_pb_column][\/et_pb_row][\/et_pb_section]<\/p>\n","protected":false},"excerpt":{"rendered":"<p>[et_pb_section bb_built=&#8221;1&#8243;][et_pb_row][et_pb_column type=&#8221;4_4&#8243;][et_pb_text _builder_version=&#8221;3.0.91&#8243; background_layout=&#8221;light&#8221;] CONDICIONES DE USO En cumplimiento de la Ley 34\/2002, de 11 de julio, de Servicios de la Sociedad de la Informaci\u00f3n y de Comercio Electr\u00f3nico (LSSI-CE), EIBARTRANS SL informa que es titular del sitio web www.eibartrans.com. De acuerdo con la exigencia del art\u00edculo 10 de la citada Ley, EIBARTRANS SL [&hellip;]<\/p>\n","protected":false},"author":3,"featured_media":0,"parent":0,"menu_order":0,"comment_status":"closed","ping_status":"closed","template":"","meta":{"footnotes":""},"class_list":["post-547","page","type-page","status-publish","hentry"],"yoast_head":"<!-- This site is optimized with the Yoast SEO plugin v26.2 - https:\/\/yoast.com\/wordpress\/plugins\/seo\/ -->\n<title>AVISO LEGAL - Eibartrans<\/title>\n<meta name=\"robots\" content=\"index, follow, max-snippet:-1, max-image-preview:large, max-video-preview:-1\" \/>\n<link rel=\"canonical\" href=\"https:\/\/www.eibartrans.com\/eng\/aviso-legal\/\" \/>\n<meta property=\"og:locale\" content=\"en_US\" \/>\n<meta property=\"og:type\" content=\"article\" \/>\n<meta property=\"og:title\" content=\"AVISO LEGAL - Eibartrans\" \/>\n<meta property=\"og:description\" content=\"[et_pb_section bb_built=&#8221;1&#8243;][et_pb_row][et_pb_column type=&#8221;4_4&#8243;][et_pb_text _builder_version=&#8221;3.0.91&#8243; background_layout=&#8221;light&#8221;] CONDICIONES DE USO En cumplimiento de la Ley 34\/2002, de 11 de julio, de Servicios de la Sociedad de la Informaci\u00f3n y de Comercio Electr\u00f3nico (LSSI-CE), EIBARTRANS SL informa que es titular del sitio web www.eibartrans.com. De acuerdo con la exigencia del art\u00edculo 10 de la citada Ley, EIBARTRANS SL [&hellip;]\" \/>\n<meta property=\"og:url\" content=\"https:\/\/www.eibartrans.com\/eng\/aviso-legal\/\" \/>\n<meta property=\"og:site_name\" content=\"Eibartrans\" \/>\n<meta name=\"twitter:card\" content=\"summary_large_image\" \/>\n<meta name=\"twitter:label1\" content=\"Est. reading time\" \/>\n\t<meta name=\"twitter:data1\" content=\"6 minutes\" \/>\n<script type=\"application\/ld+json\" class=\"yoast-schema-graph\">{\"@context\":\"https:\/\/schema.org\",\"@graph\":[{\"@type\":\"WebPage\",\"@id\":\"https:\/\/www.eibartrans.com\/eng\/aviso-legal\/\",\"url\":\"https:\/\/www.eibartrans.com\/eng\/aviso-legal\/\",\"name\":\"AVISO LEGAL - Eibartrans\",\"isPartOf\":{\"@id\":\"https:\/\/www.eibartrans.com\/eng\/#website\"},\"datePublished\":\"2018-01-12T10:28:53+00:00\",\"breadcrumb\":{\"@id\":\"https:\/\/www.eibartrans.com\/eng\/aviso-legal\/#breadcrumb\"},\"inLanguage\":\"en-US\",\"potentialAction\":[{\"@type\":\"ReadAction\",\"target\":[\"https:\/\/www.eibartrans.com\/eng\/aviso-legal\/\"]}]},{\"@type\":\"BreadcrumbList\",\"@id\":\"https:\/\/www.eibartrans.com\/eng\/aviso-legal\/#breadcrumb\",\"itemListElement\":[{\"@type\":\"ListItem\",\"position\":1,\"name\":\"Home\",\"item\":\"https:\/\/www.eibartrans.com\/eng\/\"},{\"@type\":\"ListItem\",\"position\":2,\"name\":\"AVISO LEGAL\"}]},{\"@type\":\"WebSite\",\"@id\":\"https:\/\/www.eibartrans.com\/eng\/#website\",\"url\":\"https:\/\/www.eibartrans.com\/eng\/\",\"name\":\"Eibartrans\",\"description\":\"SPECIAL HAULAGE CONSIGNMENTS\",\"potentialAction\":[{\"@type\":\"SearchAction\",\"target\":{\"@type\":\"EntryPoint\",\"urlTemplate\":\"https:\/\/www.eibartrans.com\/eng\/?s={search_term_string}\"},\"query-input\":{\"@type\":\"PropertyValueSpecification\",\"valueRequired\":true,\"valueName\":\"search_term_string\"}}],\"inLanguage\":\"en-US\"}]}<\/script>\n<!-- \/ Yoast SEO plugin. -->","yoast_head_json":{"title":"AVISO LEGAL - Eibartrans","robots":{"index":"index","follow":"follow","max-snippet":"max-snippet:-1","max-image-preview":"max-image-preview:large","max-video-preview":"max-video-preview:-1"},"canonical":"https:\/\/www.eibartrans.com\/eng\/aviso-legal\/","og_locale":"en_US","og_type":"article","og_title":"AVISO LEGAL - Eibartrans","og_description":"[et_pb_section bb_built=&#8221;1&#8243;][et_pb_row][et_pb_column type=&#8221;4_4&#8243;][et_pb_text _builder_version=&#8221;3.0.91&#8243; background_layout=&#8221;light&#8221;] CONDICIONES DE USO En cumplimiento de la Ley 34\/2002, de 11 de julio, de Servicios de la Sociedad de la Informaci\u00f3n y de Comercio Electr\u00f3nico (LSSI-CE), EIBARTRANS SL informa que es titular del sitio web www.eibartrans.com. De acuerdo con la exigencia del art\u00edculo 10 de la citada Ley, EIBARTRANS SL [&hellip;]","og_url":"https:\/\/www.eibartrans.com\/eng\/aviso-legal\/","og_site_name":"Eibartrans","twitter_card":"summary_large_image","twitter_misc":{"Est. reading time":"6 minutes"},"schema":{"@context":"https:\/\/schema.org","@graph":[{"@type":"WebPage","@id":"https:\/\/www.eibartrans.com\/eng\/aviso-legal\/","url":"https:\/\/www.eibartrans.com\/eng\/aviso-legal\/","name":"AVISO LEGAL - Eibartrans","isPartOf":{"@id":"https:\/\/www.eibartrans.com\/eng\/#website"},"datePublished":"2018-01-12T10:28:53+00:00","breadcrumb":{"@id":"https:\/\/www.eibartrans.com\/eng\/aviso-legal\/#breadcrumb"},"inLanguage":"en-US","potentialAction":[{"@type":"ReadAction","target":["https:\/\/www.eibartrans.com\/eng\/aviso-legal\/"]}]},{"@type":"BreadcrumbList","@id":"https:\/\/www.eibartrans.com\/eng\/aviso-legal\/#breadcrumb","itemListElement":[{"@type":"ListItem","position":1,"name":"Home","item":"https:\/\/www.eibartrans.com\/eng\/"},{"@type":"ListItem","position":2,"name":"AVISO LEGAL"}]},{"@type":"WebSite","@id":"https:\/\/www.eibartrans.com\/eng\/#website","url":"https:\/\/www.eibartrans.com\/eng\/","name":"Eibartrans","description":"SPECIAL HAULAGE CONSIGNMENTS","potentialAction":[{"@type":"SearchAction","target":{"@type":"EntryPoint","urlTemplate":"https:\/\/www.eibartrans.com\/eng\/?s={search_term_string}"},"query-input":{"@type":"PropertyValueSpecification","valueRequired":true,"valueName":"search_term_string"}}],"inLanguage":"en-US"}]}},"_links":{"self":[{"href":"https:\/\/www.eibartrans.com\/eng\/wp-json\/wp\/v2\/pages\/547","targetHints":{"allow":["GET"]}}],"collection":[{"href":"https:\/\/www.eibartrans.com\/eng\/wp-json\/wp\/v2\/pages"}],"about":[{"href":"https:\/\/www.eibartrans.com\/eng\/wp-json\/wp\/v2\/types\/page"}],"author":[{"embeddable":true,"href":"https:\/\/www.eibartrans.com\/eng\/wp-json\/wp\/v2\/users\/3"}],"replies":[{"embeddable":true,"href":"https:\/\/www.eibartrans.com\/eng\/wp-json\/wp\/v2\/comments?post=547"}],"version-history":[{"count":0,"href":"https:\/\/www.eibartrans.com\/eng\/wp-json\/wp\/v2\/pages\/547\/revisions"}],"wp:attachment":[{"href":"https:\/\/www.eibartrans.com\/eng\/wp-json\/wp\/v2\/media?parent=547"}],"curies":[{"name":"wp","href":"https:\/\/api.w.org\/{rel}","templated":true}]}}